{"id":456,"date":"2026-02-13T10:56:02","date_gmt":"2026-02-13T09:56:02","guid":{"rendered":"https:\/\/loisartdesign.com\/?page_id=456"},"modified":"2026-03-11T17:16:42","modified_gmt":"2026-03-11T16:16:42","slug":"terminos-y-condiciones","status":"publish","type":"page","link":"https:\/\/loisartdesign.com\/en\/terminos-y-condiciones\/","title":{"rendered":"Terms and Conditions"},"content":{"rendered":"<div class=\"wp-block-group is-layout-constrained wp-block-group-is-layout-constrained\">\n<p>En cumplimiento con el deber de informaci\u00f3n recogido en el art\u00edculo 10 de la Ley 34\/2002, de 11 de julio, de Servicios de la Sociedad de la Informaci\u00f3n y del Comercio Electr\u00f3nico, le informamos que el sitio web <strong>https:\/\/www.loisartdesign.com<\/strong> (en adelante, la \u201cWeb\u201d) es titularidad de <strong>Jorge Lois Navarro<\/strong>, con domicilio social en <strong>C\/ Joaqu\u00edn Mar\u00eda L\u00f3pez 23 \u2013 Sot. D, Madrid<\/strong>, y NIF <strong>01176059T<\/strong>.<\/p>\n\n\n\n<h2 class=\"wp-block-heading\">1. Condiciones de uso<\/h2>\n\n\n\n<p>Las presentes Condiciones describen los t\u00e9rminos aplicables a los servicios y contenidos ofrecidos a trav\u00e9s del sitio web <strong>https:\/\/www.loisartdesign.com<\/strong> y regulan las relaciones jur\u00eddicas entre Jorge Lois Navarro y el cliente.<\/p>\n\n\n\n<p>El acceso a la Web es libre y gratuito. La utilizaci\u00f3n de la Web supone la aceptaci\u00f3n sin reservas de la totalidad de estas Condiciones de Uso. Si no est\u00e1s de acuerdo con ellas, debes abstenerte de utilizar esta p\u00e1gina.<\/p>\n\n\n\n<p>La visita al sitio eCommerce deber\u00e1 realizarse de forma responsable y conforme a la legalidad vigente, la buena fe, estas Condiciones y el respeto a los derechos de propiedad intelectual e industrial de Jorge Lois Navarro o de cualquier tercero.<\/p>\n\n\n\n<p>Queda totalmente prohibido el uso de los contenidos de la Web con fines il\u00edcitos, as\u00ed como cualquier acci\u00f3n que cause o pueda causar da\u00f1os o alteraciones no consentidas por Jorge Lois Navarro al sitio eCommerce o a sus contenidos.<\/p>\n\n\n\n<p>El sitio Web y los productos y servicios ofrecidos est\u00e1n dirigidos a mayores de edad con capacidad jur\u00eddica suficiente para quedar vinculados por estas Condiciones de Uso. Algunos servicios o productos pueden estar sujetos a condiciones especiales adicionales que requerir\u00e1n consentimiento expreso y prevalecer\u00e1n sobre estas condiciones generales.<\/p>\n\n\n\n<h2 class=\"wp-block-heading\">2. Registro de usuarios<\/h2>\n\n\n\n<p>La utilizaci\u00f3n de los servicios y la compra en la Web requieren el registro como usuario. Para completar el registro deber\u00e1n aportarse datos personales veraces y exactos. Puedes consultar nuestra pol\u00edtica de privacidad en: <a href=\"https:\/\/loisartdesign.com\/en\/politica-de-privacidad\/\" target=\"_blank\" rel=\"noreferrer noopener\">https:\/\/loisartdesign.com\/politica-de-privacidad\/ <\/a>.<\/p>\n\n\n\n<p>En cualquier momento podr\u00e1s modificar tus datos personales y ejercer los derechos de acceso, rectificaci\u00f3n, supresi\u00f3n, limitaci\u00f3n y oposici\u00f3n conforme a la LO 3\/2018 (LOPDGDD) y al Reglamento (UE) 2016\/679 (RGPD).<\/p>\n\n\n\n<h2 class=\"wp-block-heading\">3. Pedidos<\/h2>\n\n\n\n<p>Una vez realizado un pedido, recibir\u00e1s un mensaje confirmando su recepci\u00f3n, as\u00ed como informaci\u00f3n sobre el env\u00edo y la facturaci\u00f3n.<\/p>\n\n\n\n<h2 class=\"wp-block-heading\">4. Forma de pago<\/h2>\n\n\n\n<p>La adquisici\u00f3n de productos o servicios permite las siguientes formas de pago:<\/p>\n\n\n\n<ul class=\"wp-block-list\">\n<li>Tarjeta de cr\u00e9dito<\/li>\n\n\n\n<li>PayPal<\/li>\n<\/ul>\n\n\n\n<h2 class=\"wp-block-heading\">5. Precios<\/h2>\n\n\n\n<p>Los precios de los productos son los indicados en su descripci\u00f3n. Todos los precios se expresan en euros (\u20ac) e incluyen el Impuesto sobre el Valor A\u00f1adido (IVA).<\/p>\n\n\n\n<h2 class=\"wp-block-heading\">6. Condiciones de env\u00edo<\/h2>\n\n\n\n<p><strong>https:\/\/www.loisartdesign.com<\/strong> realiza env\u00edos a todo el mundo.<\/p>\n\n\n\n<p>La compra est\u00e1 sujeta a gastos de env\u00edo a cargo del comprador. Los gastos depender\u00e1n del destino y del importe total del pedido. Se detallar\u00e1n durante el proceso de compra y podr\u00e1s revisarlos antes de finalizarla.<\/p>\n\n\n\n<p>La Web no ser\u00e1 responsable de retrasos en la entrega por causas no imputables a la empresa, as\u00ed como por casos fortuitos o de fuerza mayor.<\/p>\n\n\n\n<p>La entrega se realizar\u00e1 mediante empresas privadas de transporte o Correos.<\/p>\n\n\n\n<p><strong>Opciones de entrega:<\/strong><\/p>\n\n\n\n<ul class=\"wp-block-list\">\n<li>Env\u00edo Normal<\/li>\n\n\n\n<li>Env\u00edo Premium<\/li>\n<\/ul>\n\n\n\n<h2 class=\"wp-block-heading\">7. Garant\u00eda de bienes de consumo<\/h2>\n\n\n\n<p>Como cliente, tienes la consideraci\u00f3n de consumidor seg\u00fan el Real Decreto Legislativo 1\/2007 (TRLGDCU).<\/p>\n\n\n\n<p>Dispones del derecho de desistimiento, que te permite dejar sin efecto el contrato sin necesidad de justificar tu decisi\u00f3n durante los catorce (14) d\u00edas naturales desde la recepci\u00f3n del producto o desde la celebraci\u00f3n del contrato en caso de servicios.<\/p>\n\n\n\n<p>Deber\u00e1s manifestar tu intenci\u00f3n de desistir dentro del plazo indicado y devolver el producto, reembols\u00e1ndose el importe abonado.<\/p>\n\n\n\n<p>En caso de problemas con productos o servicios adquiridos en esta Web, puedes presentar una reclamaci\u00f3n mediante la plataforma de resoluci\u00f3n de litigios de la Uni\u00f3n Europea. Jorge Lois Navarro se reserva la potestad de aceptar o rechazar la reclamaci\u00f3n presentada a trav\u00e9s de dicha plataforma.<\/p>\n\n\n\n<h2 class=\"wp-block-heading\">8. Nulidad e ineficacia de las cl\u00e1usulas<\/h2>\n\n\n\n<p>Si alguna cl\u00e1usula de estas Condiciones fuese declarada total o parcialmente nula o ineficaz, dicha nulidad afectar\u00e1 \u00fanicamente a esa disposici\u00f3n. El resto de las Condiciones permanecer\u00e1n vigentes.<\/p>\n\n\n\n<h2 class=\"wp-block-heading\">9. Legislaci\u00f3n aplicable y jurisdicci\u00f3n competente<\/h2>\n\n\n\n<p>Estas Condiciones se rigen por la legislaci\u00f3n espa\u00f1ola. Jorge Lois Navarro y el usuario acuerdan someter cualquier controversia derivada de la contrataci\u00f3n de productos o servicios a los Juzgados y Tribunales del domicilio del consumidor.<\/p>\n\n\n\n<p><\/p>\n<\/div>\n\n\n\n<div class=\"wp-block-group is-layout-constrained wp-block-group-is-layout-constrained\">\n<p>In compliance with the information duty established in Article 10 of Law 34\/2002, of July 11, on Information Society Services and Electronic Commerce, we inform you that the website <strong>https:\/\/www.loisartdesign.com<\/strong> (hereinafter, the \u201cWebsite\u201d) is owned by <strong>Jorge Lois Navarro<\/strong>, with registered address at <strong>C\/ Joaqu\u00edn Mar\u00eda L\u00f3pez 23 \u2013 Sot. D, Madrid<\/strong>, and Tax ID <strong>01176059T<\/strong>.<\/p>\n\n\n\n<h2 class=\"wp-block-heading\">1. Conditions of Use<\/h2>\n\n\n\n<p>These Terms describe the conditions applicable to the services and content offered through the website <strong>https:\/\/www.loisartdesign.com<\/strong> and govern the legal relationship between Jorge Lois Navarro and the customer.<\/p>\n\n\n\n<p>Access to the Website is free. The use of the Website implies full and unconditional acceptance of these Terms of Use. If you do not agree with them, you must refrain from using this page.<\/p>\n\n\n\n<p>Users must visit and use the eCommerce site responsibly and in accordance with applicable law, good faith, these Terms, and the intellectual and industrial property rights of Jorge Lois Navarro or any third party.<\/p>\n\n\n\n<p>The use of the Website\u2019s content for unlawful purposes is strictly prohibited, as is any action that may cause damage or unauthorized alterations to the Website or its content.<\/p>\n\n\n\n<p>The Website and the products and services offered are intended for adults with sufficient legal capacity to be bound by these Terms of Use. Certain services or products may be subject to additional special conditions requiring express consent, which shall prevail over these general conditions.<\/p>\n\n\n\n<h2 class=\"wp-block-heading\">2. User Registration<\/h2>\n\n\n\n<p>Using the services and making purchases on the Website requires user registration. To complete the registration, users must provide truthful and accurate personal data. You can consult our Privacy Policy at: <a href=\"https:\/\/loisartdesign.com\/en\/politica-de-privacidad\/\" target=\"_blank\" rel=\"noreferrer noopener\">https:\/\/loisartdesign.com\/politica-de-privacidad\/ <\/a>.<\/p>\n\n\n\n<p>You may modify your personal data at any time and exercise your rights of access, rectification, erasure, restriction, and objection in accordance with Organic Law 3\/2018 (LOPDGDD) and Regulation (EU) 2016\/679 (GDPR).<\/p>\n\n\n\n<h2 class=\"wp-block-heading\">3. Orders<\/h2>\n\n\n\n<p>Once an order has been placed, you will receive a confirmation message with details regarding shipping and billing.<\/p>\n\n\n\n<h2 class=\"wp-block-heading\">4. Payment Methods<\/h2>\n\n\n\n<p>The Website accepts the following payment methods:<\/p>\n\n\n\n<ul class=\"wp-block-list\">\n<li>Credit card<\/li>\n\n\n\n<li>PayPal<\/li>\n<\/ul>\n\n\n\n<h2 class=\"wp-block-heading\">5. Prices<\/h2>\n\n\n\n<p>Product prices are those indicated in their respective descriptions. All prices are expressed in euros (\u20ac) and include Value Added Tax (VAT).<\/p>\n\n\n\n<h2 class=\"wp-block-heading\">6. Shipping Conditions<\/h2>\n\n\n\n<p><strong>https:\/\/www.loisartdesign.com<\/strong> ships worldwide.<\/p>\n\n\n\n<p>Purchases are subject to shipping costs, which are borne by the customer. Shipping costs depend on the destination and the total amount of the order. These costs will be displayed during the purchase process and can be reviewed before completing the order.<\/p>\n\n\n\n<p>The Website is not responsible for delivery delays caused by circumstances beyond its control, including force majeure or unforeseen events.<\/p>\n\n\n\n<p>Deliveries are made through private courier companies or Correos (Spanish postal service).<\/p>\n\n\n\n<p><strong>Delivery options:<\/strong><\/p>\n\n\n\n<ul class=\"wp-block-list\">\n<li>Standard Shipping<\/li>\n\n\n\n<li>Premium Shipping<\/li>\n<\/ul>\n\n\n\n<h2 class=\"wp-block-heading\">7. Consumer Goods Warranty<\/h2>\n\n\n\n<p>As a customer, you are considered a consumer under Royal Legislative Decree 1\/2007 (TRLGDCU).<\/p>\n\n\n\n<p>You have the right of withdrawal, allowing you to cancel the contract without justifying your decision within fourteen (14) calendar days from the receipt of the product or from the conclusion of the contract in the case of services.<\/p>\n\n\n\n<p>You must express your intention to withdraw within the established period and return the product, after which the amount paid will be refunded.<\/p>\n\n\n\n<p>If you experience issues with products or services purchased on this Website, you may submit a complaint through the European Union\u2019s Online Dispute Resolution platform. Jorge Lois Navarro reserves the right to accept or reject claims submitted through this platform.<\/p>\n\n\n\n<h2 class=\"wp-block-heading\">8. Nullity and Ineffectiveness of Clauses<\/h2>\n\n\n\n<p>If any clause of these Terms is declared totally or partially null or ineffective, such nullity will only affect that specific provision. The remaining Terms will remain valid and enforceable.<\/p>\n\n\n\n<h2 class=\"wp-block-heading\">9. Applicable Law and Jurisdiction<\/h2>\n\n\n\n<p>These Terms are governed by Spanish law. Jorge Lois Navarro and the user agree to submit any dispute arising from the purchase of products or services to the Courts and Tribunals of the consumer\u2019s place of residence.<\/p>\n<\/div>","protected":false},"excerpt":{"rendered":"<p>En cumplimiento con el deber de informaci\u00f3n recogido en el art\u00edculo 10 de la Ley 34\/2002, de 11 de julio, de Servicios de la Sociedad de la Informaci\u00f3n y del Comercio Electr\u00f3nico, le informamos que el sitio web https:\/\/www.loisartdesign.com (en adelante, la \u201cWeb\u201d) es titularidad de Jorge Lois Navarro, con domicilio social en C\/ Joaqu\u00edn [&hellip;]<\/p>\n","protected":false},"author":1,"featured_media":0,"parent":0,"menu_order":0,"comment_status":"closed","ping_status":"closed","template":"","meta":{"footnotes":""},"class_list":["post-456","page","type-page","status-publish","hentry"],"_links":{"self":[{"href":"https:\/\/loisartdesign.com\/en\/wp-json\/wp\/v2\/pages\/456","targetHints":{"allow":["GET"]}}],"collection":[{"href":"https:\/\/loisartdesign.com\/en\/wp-json\/wp\/v2\/pages"}],"about":[{"href":"https:\/\/loisartdesign.com\/en\/wp-json\/wp\/v2\/types\/page"}],"author":[{"embeddable":true,"href":"https:\/\/loisartdesign.com\/en\/wp-json\/wp\/v2\/users\/1"}],"replies":[{"embeddable":true,"href":"https:\/\/loisartdesign.com\/en\/wp-json\/wp\/v2\/comments?post=456"}],"version-history":[{"count":3,"href":"https:\/\/loisartdesign.com\/en\/wp-json\/wp\/v2\/pages\/456\/revisions"}],"predecessor-version":[{"id":688,"href":"https:\/\/loisartdesign.com\/en\/wp-json\/wp\/v2\/pages\/456\/revisions\/688"}],"wp:attachment":[{"href":"https:\/\/loisartdesign.com\/en\/wp-json\/wp\/v2\/media?parent=456"}],"curies":[{"name":"wp","href":"https:\/\/api.w.org\/{rel}","templated":true}]}}