{"id":325,"date":"2021-03-13T19:40:53","date_gmt":"2021-03-13T18:40:53","guid":{"rendered":"https:\/\/loisartdesign.com\/producto\/asombro\/"},"modified":"2026-03-24T14:49:39","modified_gmt":"2026-03-24T13:49:39","slug":"asombro","status":"publish","type":"product","link":"https:\/\/loisartdesign.com\/en\/product\/asombro\/","title":{"rendered":"Atonishment"},"content":{"rendered":"<ul>\n<li style=\"list-style-type: none;\">\n<ul>\n<li>Limited edition<\/li>\n<li>High quality printing, with mineral pigment ink on Photosatin (satin) or Hahnem\u00fchle Photo Rag (matte) paper of 308gr, 100% cotton.<\/li>\n<li>Sizes: 30x40cm and 57x79cm<\/li>\n<li>Packaging: resistant cardboard tube<\/li>\n<li>Frame not included<\/li>\n<li>Option of downloadable file (.pdf) high resolution, up to 60x80cm<\/li>\n<\/ul>\n<\/li>\n<\/ul>","protected":false},"excerpt":{"rendered":"<p>Edici\u00f3n limitada Impresi\u00f3n en alta calidad, con tinta de pigmentos minerales sobre papel Photosatin (satinado) o Hahnem\u00fchle Photo Rag (mate) de 308gr, 100% algod\u00f3n Medidas: 30x40cm y 57x79cm Packaging: tubo de cart\u00f3n resistente Marco no incluido Opci\u00f3n de archivo descargable (.pdf) de alta resoluci\u00f3n, hasta 60x80cm<\/p>","protected":false},"featured_media":326,"comment_status":"open","ping_status":"open","template":"","meta":[],"product_brand":[],"product_cat":[18],"product_tag":[],"class_list":{"0":"post-325","1":"product","2":"type-product","3":"status-publish","4":"has-post-thumbnail","6":"product_cat-art-design","8":"first","9":"instock","10":"taxable","11":"shipping-taxable","12":"purchasable","13":"product-type-variable"},"_links":{"self":[{"href":"https:\/\/loisartdesign.com\/en\/wp-json\/wp\/v2\/product\/325","targetHints":{"allow":["GET"]}}],"collection":[{"href":"https:\/\/loisartdesign.com\/en\/wp-json\/wp\/v2\/product"}],"about":[{"href":"https:\/\/loisartdesign.com\/en\/wp-json\/wp\/v2\/types\/product"}],"replies":[{"embeddable":true,"href":"https:\/\/loisartdesign.com\/en\/wp-json\/wp\/v2\/comments?post=325"}],"wp:featuredmedia":[{"embeddable":true,"href":"https:\/\/loisartdesign.com\/en\/wp-json\/wp\/v2\/media\/326"}],"wp:attachment":[{"href":"https:\/\/loisartdesign.com\/en\/wp-json\/wp\/v2\/media?parent=325"}],"wp:term":[{"taxonomy":"product_brand","embeddable":true,"href":"https:\/\/loisartdesign.com\/en\/wp-json\/wp\/v2\/product_brand?post=325"},{"taxonomy":"product_cat","embeddable":true,"href":"https:\/\/loisartdesign.com\/en\/wp-json\/wp\/v2\/product_cat?post=325"},{"taxonomy":"product_tag","embeddable":true,"href":"https:\/\/loisartdesign.com\/en\/wp-json\/wp\/v2\/product_tag?post=325"}],"curies":[{"name":"wp","href":"https:\/\/api.w.org\/{rel}","templated":true}]}}